{"id":77,"date":"2023-10-15T21:23:06","date_gmt":"2023-10-15T19:23:06","guid":{"rendered":"https:\/\/crushlucky.com\/?page_id=77"},"modified":"2025-06-10T11:01:03","modified_gmt":"2025-06-10T09:01:03","slug":"video-chat","status":"publish","type":"page","link":"https:\/\/crushlucky.com\/es\/video-chat\/","title":{"rendered":"Videochat"},"content":{"rendered":"<div data-elementor-type=\"wp-page\" data-elementor-id=\"77\" class=\"elementor elementor-77\" data-elementor-post-type=\"page\">\n\t\t\t\t\t\t<section class=\"elementor-section elementor-top-section elementor-element elementor-element-6f92d4c elementor-section-boxed elementor-section-height-default elementor-section-height-default\" data-id=\"6f92d4c\" data-element_type=\"section\">\n\t\t\t\t\t\t<div class=\"elementor-container elementor-column-gap-default\">\n\t\t\t\t\t<div class=\"elementor-column elementor-col-100 elementor-top-column elementor-element elementor-element-7852e074\" data-id=\"7852e074\" data-element_type=\"column\">\n\t\t\t<div class=\"elementor-widget-wrap elementor-element-populated\">\n\t\t\t\t\t\t<div class=\"elementor-element elementor-element-37d402ee elementor-widget elementor-widget-heading\" data-id=\"37d402ee\" data-element_type=\"widget\" data-widget_type=\"heading.default\">\n\t\t\t\t<div class=\"elementor-widget-container\">\n\t\t\t\t\t<h2 class=\"elementor-heading-title elementor-size-default\">Alternativas de video chat<\/h2>\t\t\t\t<\/div>\n\t\t\t\t<\/div>\n\t\t\t\t\t<\/div>\n\t\t<\/div>\n\t\t\t\t\t<\/div>\n\t\t<\/section>\n\t\t\t\t<section class=\"elementor-section elementor-top-section elementor-element elementor-element-753211c elementor-section-boxed elementor-section-height-default elementor-section-height-default\" data-id=\"753211c\" data-element_type=\"section\">\n\t\t\t\t\t\t<div class=\"elementor-container elementor-column-gap-default\">\n\t\t\t\t\t<div class=\"elementor-column elementor-col-100 elementor-top-column elementor-element elementor-element-de5a724\" data-id=\"de5a724\" data-element_type=\"column\">\n\t\t\t<div class=\"elementor-widget-wrap elementor-element-populated\">\n\t\t\t\t\t\t<div class=\"elementor-element elementor-element-b2087ce elementor-grid-3 elementor-grid-tablet-2 elementor-grid-mobile-1 elementor-posts--thumbnail-top elementor-card-shadow-yes elementor-posts__hover-gradient elementor-widget elementor-widget-posts\" data-id=\"b2087ce\" data-element_type=\"widget\" data-settings=\"{&quot;pagination_type&quot;:&quot;load_more_infinite_scroll&quot;,&quot;cards_columns&quot;:&quot;3&quot;,&quot;cards_columns_tablet&quot;:&quot;2&quot;,&quot;cards_columns_mobile&quot;:&quot;1&quot;,&quot;cards_row_gap&quot;:{&quot;unit&quot;:&quot;px&quot;,&quot;size&quot;:35,&quot;sizes&quot;:[]},&quot;cards_row_gap_tablet&quot;:{&quot;unit&quot;:&quot;px&quot;,&quot;size&quot;:&quot;&quot;,&quot;sizes&quot;:[]},&quot;cards_row_gap_mobile&quot;:{&quot;unit&quot;:&quot;px&quot;,&quot;size&quot;:&quot;&quot;,&quot;sizes&quot;:[]},&quot;load_more_spinner&quot;:{&quot;value&quot;:&quot;fas fa-spinner&quot;,&quot;library&quot;:&quot;fa-solid&quot;}}\" data-widget_type=\"posts.cards\">\n\t\t\t\t<div class=\"elementor-widget-container\">\n\t\t\t\t\t\t\t<div class=\"elementor-posts-container elementor-posts elementor-posts--skin-cards elementor-grid\">\n\t\t\t\t<article class=\"elementor-post elementor-grid-item post-893 post type-post status-publish format-standard has-post-thumbnail hentry category-stranger-cam\">\n\t\t\t<div class=\"elementor-post__card\">\n\t\t\t\t<a class=\"elementor-post__thumbnail__link\" href=\"https:\/\/crushlucky.com\/es\/pink-video-chat\/\" tabindex=\"-1\" ><div class=\"elementor-post__thumbnail\"><img fetchpriority=\"high\" decoding=\"async\" width=\"450\" height=\"692\" src=\"https:\/\/crushlucky.com\/wp-content\/uploads\/2025\/07\/pink-video-chat.jpeg\" class=\"attachment-medium_large size-medium_large wp-image-895\" alt=\"pink video chat\" srcset=\"https:\/\/crushlucky.com\/wp-content\/uploads\/2025\/07\/pink-video-chat.jpeg 450w, https:\/\/crushlucky.com\/wp-content\/uploads\/2025\/07\/pink-video-chat-195x300.jpeg 195w, https:\/\/crushlucky.com\/wp-content\/uploads\/2025\/07\/pink-video-chat-8x12.jpeg 8w\" sizes=\"(max-width: 450px) 100vw, 450px\" \/><\/div><\/a>\n\t\t\t\t<div class=\"elementor-post__text\">\n\t\t\t\t<h3 class=\"elementor-post__title\">\n\t\t\t<a href=\"https:\/\/crushlucky.com\/es\/pink-video-chat\/\" >\n\t\t\t\tVideochat rosa\t\t\t<\/a>\n\t\t<\/h3>\n\t\t\n\t\t<a class=\"elementor-post__read-more\" href=\"https:\/\/crushlucky.com\/es\/pink-video-chat\/\" aria-label=\"M\u00e1s informaci\u00f3n sobre Video Chat Rosa\" tabindex=\"-1\" >\n\t\t\tLeer m\u00e1s &quot;\t\t<\/a>\n\n\t\t\t\t<\/div>\n\t\t\t\t\t<\/div>\n\t\t<\/article>\n\t\t\t\t<article class=\"elementor-post elementor-grid-item post-889 post type-post status-publish format-standard has-post-thumbnail hentry category-stranger-cam\">\n\t\t\t<div class=\"elementor-post__card\">\n\t\t\t\t<a class=\"elementor-post__thumbnail__link\" href=\"https:\/\/crushlucky.com\/es\/chatiw\/\" tabindex=\"-1\" ><div class=\"elementor-post__thumbnail\"><img decoding=\"async\" width=\"450\" height=\"658\" src=\"https:\/\/crushlucky.com\/wp-content\/uploads\/2025\/07\/chatiw.jpeg\" class=\"attachment-medium_large size-medium_large wp-image-890\" alt=\"chatiw\" srcset=\"https:\/\/crushlucky.com\/wp-content\/uploads\/2025\/07\/chatiw.jpeg 450w, https:\/\/crushlucky.com\/wp-content\/uploads\/2025\/07\/chatiw-205x300.jpeg 205w, https:\/\/crushlucky.com\/wp-content\/uploads\/2025\/07\/chatiw-8x12.jpeg 8w\" sizes=\"(max-width: 450px) 100vw, 450px\" \/><\/div><\/a>\n\t\t\t\t<div class=\"elementor-post__text\">\n\t\t\t\t<h3 class=\"elementor-post__title\">\n\t\t\t<a href=\"https:\/\/crushlucky.com\/es\/chatiw\/\" >\n\t\t\t\tChatiw\t\t\t<\/a>\n\t\t<\/h3>\n\t\t\n\t\t<a class=\"elementor-post__read-more\" href=\"https:\/\/crushlucky.com\/es\/chatiw\/\" aria-label=\"M\u00e1s informaci\u00f3n sobre Chatiw\" tabindex=\"-1\" >\n\t\t\tLeer m\u00e1s &quot;\t\t<\/a>\n\n\t\t\t\t<\/div>\n\t\t\t\t\t<\/div>\n\t\t<\/article>\n\t\t\t\t<article class=\"elementor-post elementor-grid-item post-886 post type-post status-publish format-standard has-post-thumbnail hentry category-stranger-cam\">\n\t\t\t<div class=\"elementor-post__card\">\n\t\t\t\t<a class=\"elementor-post__thumbnail__link\" href=\"https:\/\/crushlucky.com\/es\/thundr\/\" tabindex=\"-1\" ><div class=\"elementor-post__thumbnail\"><img decoding=\"async\" width=\"450\" height=\"658\" src=\"https:\/\/crushlucky.com\/wp-content\/uploads\/2025\/07\/thundr.jpeg\" class=\"attachment-medium_large size-medium_large wp-image-887\" alt=\"thundr\" srcset=\"https:\/\/crushlucky.com\/wp-content\/uploads\/2025\/07\/thundr.jpeg 450w, https:\/\/crushlucky.com\/wp-content\/uploads\/2025\/07\/thundr-205x300.jpeg 205w, https:\/\/crushlucky.com\/wp-content\/uploads\/2025\/07\/thundr-8x12.jpeg 8w\" sizes=\"(max-width: 450px) 100vw, 450px\" \/><\/div><\/a>\n\t\t\t\t<div class=\"elementor-post__text\">\n\t\t\t\t<h3 class=\"elementor-post__title\">\n\t\t\t<a href=\"https:\/\/crushlucky.com\/es\/thundr\/\" >\n\t\t\t\tTrueno\t\t\t<\/a>\n\t\t<\/h3>\n\t\t\n\t\t<a class=\"elementor-post__read-more\" href=\"https:\/\/crushlucky.com\/es\/thundr\/\" aria-label=\"M\u00e1s informaci\u00f3n sobre Thundr\" tabindex=\"-1\" >\n\t\t\tLeer m\u00e1s &quot;\t\t<\/a>\n\n\t\t\t\t<\/div>\n\t\t\t\t\t<\/div>\n\t\t<\/article>\n\t\t\t\t<article class=\"elementor-post elementor-grid-item post-876 post type-post status-publish format-standard has-post-thumbnail hentry category-stranger-cam\">\n\t\t\t<div class=\"elementor-post__card\">\n\t\t\t\t<a class=\"elementor-post__thumbnail__link\" href=\"https:\/\/crushlucky.com\/es\/bazoocam\/\" tabindex=\"-1\" ><div class=\"elementor-post__thumbnail\"><img loading=\"lazy\" decoding=\"async\" width=\"450\" height=\"658\" src=\"https:\/\/crushlucky.com\/wp-content\/uploads\/2025\/06\/bazoocam.jpeg\" class=\"attachment-medium_large size-medium_large wp-image-878\" alt=\"bazoocam\" srcset=\"https:\/\/crushlucky.com\/wp-content\/uploads\/2025\/06\/bazoocam.jpeg 450w, https:\/\/crushlucky.com\/wp-content\/uploads\/2025\/06\/bazoocam-205x300.jpeg 205w, https:\/\/crushlucky.com\/wp-content\/uploads\/2025\/06\/bazoocam-8x12.jpeg 8w\" sizes=\"(max-width: 450px) 100vw, 450px\" \/><\/div><\/a>\n\t\t\t\t<div class=\"elementor-post__text\">\n\t\t\t\t<h3 class=\"elementor-post__title\">\n\t\t\t<a href=\"https:\/\/crushlucky.com\/es\/bazoocam\/\" >\n\t\t\t\tBazoocam\t\t\t<\/a>\n\t\t<\/h3>\n\t\t\n\t\t<a class=\"elementor-post__read-more\" href=\"https:\/\/crushlucky.com\/es\/bazoocam\/\" aria-label=\"M\u00e1s informaci\u00f3n sobre Bazoocam\" tabindex=\"-1\" >\n\t\t\tLeer m\u00e1s &quot;\t\t<\/a>\n\n\t\t\t\t<\/div>\n\t\t\t\t\t<\/div>\n\t\t<\/article>\n\t\t\t\t<article class=\"elementor-post elementor-grid-item post-872 post type-post status-publish format-standard has-post-thumbnail hentry category-stranger-cam\">\n\t\t\t<div class=\"elementor-post__card\">\n\t\t\t\t<a class=\"elementor-post__thumbnail__link\" href=\"https:\/\/crushlucky.com\/es\/meetgle\/\" tabindex=\"-1\" ><div class=\"elementor-post__thumbnail\"><img loading=\"lazy\" decoding=\"async\" width=\"450\" height=\"658\" src=\"https:\/\/crushlucky.com\/wp-content\/uploads\/2025\/06\/meetgle.jpeg\" class=\"attachment-medium_large size-medium_large wp-image-874\" alt=\"meetgle\" srcset=\"https:\/\/crushlucky.com\/wp-content\/uploads\/2025\/06\/meetgle.jpeg 450w, https:\/\/crushlucky.com\/wp-content\/uploads\/2025\/06\/meetgle-205x300.jpeg 205w, https:\/\/crushlucky.com\/wp-content\/uploads\/2025\/06\/meetgle-8x12.jpeg 8w\" sizes=\"(max-width: 450px) 100vw, 450px\" \/><\/div><\/a>\n\t\t\t\t<div class=\"elementor-post__text\">\n\t\t\t\t<h3 class=\"elementor-post__title\">\n\t\t\t<a href=\"https:\/\/crushlucky.com\/es\/meetgle\/\" >\n\t\t\t\tMeetgle\t\t\t<\/a>\n\t\t<\/h3>\n\t\t\n\t\t<a class=\"elementor-post__read-more\" href=\"https:\/\/crushlucky.com\/es\/meetgle\/\" aria-label=\"M\u00e1s informaci\u00f3n sobre Meetgle\" tabindex=\"-1\" >\n\t\t\tLeer m\u00e1s &quot;\t\t<\/a>\n\n\t\t\t\t<\/div>\n\t\t\t\t\t<\/div>\n\t\t<\/article>\n\t\t\t\t<article class=\"elementor-post elementor-grid-item post-812 post type-post status-publish format-standard has-post-thumbnail hentry category-stranger-cam\">\n\t\t\t<div class=\"elementor-post__card\">\n\t\t\t\t<a class=\"elementor-post__thumbnail__link\" href=\"https:\/\/crushlucky.com\/es\/call-me-chat\/\" tabindex=\"-1\" ><div class=\"elementor-post__thumbnail\"><img loading=\"lazy\" decoding=\"async\" width=\"450\" height=\"428\" src=\"https:\/\/crushlucky.com\/wp-content\/uploads\/2025\/05\/call-me-chat-1-e1748435560100.jpeg\" class=\"attachment-medium_large size-medium_large wp-image-835\" alt=\"call me chat\" srcset=\"https:\/\/crushlucky.com\/wp-content\/uploads\/2025\/05\/call-me-chat-1-e1748435560100.jpeg 450w, https:\/\/crushlucky.com\/wp-content\/uploads\/2025\/05\/call-me-chat-1-e1748435560100-300x285.jpeg 300w, https:\/\/crushlucky.com\/wp-content\/uploads\/2025\/05\/call-me-chat-1-e1748435560100-13x12.jpeg 13w\" sizes=\"(max-width: 450px) 100vw, 450px\" \/><\/div><\/a>\n\t\t\t\t<div class=\"elementor-post__text\">\n\t\t\t\t<h3 class=\"elementor-post__title\">\n\t\t\t<a href=\"https:\/\/crushlucky.com\/es\/call-me-chat\/\" >\n\t\t\t\tLl\u00e1mame Chat\t\t\t<\/a>\n\t\t<\/h3>\n\t\t\n\t\t<a class=\"elementor-post__read-more\" href=\"https:\/\/crushlucky.com\/es\/call-me-chat\/\" aria-label=\"M\u00e1s informaci\u00f3n sobre Ll\u00e1mame Chat\" tabindex=\"-1\" >\n\t\t\tLeer m\u00e1s &quot;\t\t<\/a>\n\n\t\t\t\t<\/div>\n\t\t\t\t\t<\/div>\n\t\t<\/article>\n\t\t\t\t<article class=\"elementor-post elementor-grid-item post-804 post type-post status-publish format-standard has-post-thumbnail hentry category-stranger-cam\">\n\t\t\t<div class=\"elementor-post__card\">\n\t\t\t\t<a class=\"elementor-post__thumbnail__link\" href=\"https:\/\/crushlucky.com\/es\/vidizzy\/\" tabindex=\"-1\" ><div class=\"elementor-post__thumbnail\"><img loading=\"lazy\" decoding=\"async\" width=\"409\" height=\"451\" src=\"https:\/\/crushlucky.com\/wp-content\/uploads\/2025\/05\/vidizzy-1-e1748435188500.jpeg\" class=\"attachment-medium_large size-medium_large wp-image-832\" alt=\"vidizzy\" srcset=\"https:\/\/crushlucky.com\/wp-content\/uploads\/2025\/05\/vidizzy-1-e1748435188500.jpeg 409w, https:\/\/crushlucky.com\/wp-content\/uploads\/2025\/05\/vidizzy-1-e1748435188500-272x300.jpeg 272w, https:\/\/crushlucky.com\/wp-content\/uploads\/2025\/05\/vidizzy-1-e1748435188500-11x12.jpeg 11w\" sizes=\"(max-width: 409px) 100vw, 409px\" \/><\/div><\/a>\n\t\t\t\t<div class=\"elementor-post__text\">\n\t\t\t\t<h3 class=\"elementor-post__title\">\n\t\t\t<a href=\"https:\/\/crushlucky.com\/es\/vidizzy\/\" >\n\t\t\t\tVidizzy\t\t\t<\/a>\n\t\t<\/h3>\n\t\t\n\t\t<a class=\"elementor-post__read-more\" href=\"https:\/\/crushlucky.com\/es\/vidizzy\/\" aria-label=\"M\u00e1s informaci\u00f3n sobre Vidizzy\" tabindex=\"-1\" >\n\t\t\tLeer m\u00e1s &quot;\t\t<\/a>\n\n\t\t\t\t<\/div>\n\t\t\t\t\t<\/div>\n\t\t<\/article>\n\t\t\t\t<article class=\"elementor-post elementor-grid-item post-797 post type-post status-publish format-standard has-post-thumbnail hentry category-stranger-cam\">\n\t\t\t<div class=\"elementor-post__card\">\n\t\t\t\t<a class=\"elementor-post__thumbnail__link\" href=\"https:\/\/crushlucky.com\/es\/joingy\/\" tabindex=\"-1\" ><div class=\"elementor-post__thumbnail\"><img loading=\"lazy\" decoding=\"async\" width=\"450\" height=\"658\" src=\"https:\/\/crushlucky.com\/wp-content\/uploads\/2025\/05\/joingy-1.jpeg\" class=\"attachment-medium_large size-medium_large wp-image-837\" alt=\"joingy\" srcset=\"https:\/\/crushlucky.com\/wp-content\/uploads\/2025\/05\/joingy-1.jpeg 450w, https:\/\/crushlucky.com\/wp-content\/uploads\/2025\/05\/joingy-1-205x300.jpeg 205w, https:\/\/crushlucky.com\/wp-content\/uploads\/2025\/05\/joingy-1-8x12.jpeg 8w\" sizes=\"(max-width: 450px) 100vw, 450px\" \/><\/div><\/a>\n\t\t\t\t<div class=\"elementor-post__text\">\n\t\t\t\t<h3 class=\"elementor-post__title\">\n\t\t\t<a href=\"https:\/\/crushlucky.com\/es\/joingy\/\" >\n\t\t\t\tUni\u00f3n\t\t\t<\/a>\n\t\t<\/h3>\n\t\t\n\t\t<a class=\"elementor-post__read-more\" href=\"https:\/\/crushlucky.com\/es\/joingy\/\" aria-label=\"M\u00e1s informaci\u00f3n sobre Joingy\" tabindex=\"-1\" >\n\t\t\tLeer m\u00e1s &quot;\t\t<\/a>\n\n\t\t\t\t<\/div>\n\t\t\t\t\t<\/div>\n\t\t<\/article>\n\t\t\t\t<article class=\"elementor-post elementor-grid-item post-354 post type-post status-publish format-standard has-post-thumbnail hentry category-stranger-cam\">\n\t\t\t<div class=\"elementor-post__card\">\n\t\t\t\t<a class=\"elementor-post__thumbnail__link\" href=\"https:\/\/crushlucky.com\/es\/how-to-talk-to-girls\/\" tabindex=\"-1\" ><div class=\"elementor-post__thumbnail\"><img loading=\"lazy\" decoding=\"async\" width=\"612\" height=\"408\" src=\"https:\/\/crushlucky.com\/wp-content\/uploads\/2023\/05\/How-To-Talk-To-Girls.jpg\" class=\"attachment-medium_large size-medium_large wp-image-779\" alt=\"How To Talk To Girls\" srcset=\"https:\/\/crushlucky.com\/wp-content\/uploads\/2023\/05\/How-To-Talk-To-Girls.jpg 612w, https:\/\/crushlucky.com\/wp-content\/uploads\/2023\/05\/How-To-Talk-To-Girls-300x200.jpg 300w, https:\/\/crushlucky.com\/wp-content\/uploads\/2023\/05\/How-To-Talk-To-Girls-18x12.jpg 18w\" sizes=\"(max-width: 612px) 100vw, 612px\" \/><\/div><\/a>\n\t\t\t\t<div class=\"elementor-post__text\">\n\t\t\t\t<h3 class=\"elementor-post__title\">\n\t\t\t<a href=\"https:\/\/crushlucky.com\/es\/how-to-talk-to-girls\/\" >\n\t\t\t\tC\u00f3mo hablar con las chicas\t\t\t<\/a>\n\t\t<\/h3>\n\t\t\n\t\t<a class=\"elementor-post__read-more\" href=\"https:\/\/crushlucky.com\/es\/how-to-talk-to-girls\/\" aria-label=\"M\u00e1s informaci\u00f3n sobre C\u00f3mo hablar con las chicas\" tabindex=\"-1\" >\n\t\t\tLeer m\u00e1s &quot;\t\t<\/a>\n\n\t\t\t\t<\/div>\n\t\t\t\t\t<\/div>\n\t\t<\/article>\n\t\t\t\t<\/div>\n\t\t\t\t\t<span class=\"e-load-more-spinner\">\n\t\t\t\t<i aria-hidden=\"true\" class=\"fas fa-spinner\"><\/i>\t\t\t<\/span>\n\t\t\n\t\t\t\t<div class=\"e-load-more-anchor\" data-page=\"1\" data-max-page=\"2\" data-next-page=\"https:\/\/crushlucky.com\/es\/wp-json\/wp\/v2\/pages\/77\/page\/2\/\"><\/div>\n\t\t\t\t<div class=\"e-load-more-message\"><\/div>\n\t\t\t\t\t\t<\/div>\n\t\t\t\t<\/div>\n\t\t\t\t\t<\/div>\n\t\t<\/div>\n\t\t\t\t\t<\/div>\n\t\t<\/section>\n\t\t\t\t<\/div>","protected":false},"excerpt":{"rendered":"<p>Alternativas de video chat<\/p>","protected":false},"author":1,"featured_media":0,"parent":0,"menu_order":0,"comment_status":"closed","ping_status":"closed","template":"elementor_header_footer","meta":{"footnotes":""},"class_list":["post-77","page","type-page","status-publish","hentry"],"yoast_head":"<!-- This site is optimized with the Yoast SEO Premium plugin v19.3 (Yoast SEO v19.7.1) - https:\/\/yoast.com\/wordpress\/plugins\/seo\/ -->\n<title>Video Chat - Crush Lucky<\/title>\n<meta name=\"robots\" content=\"index, follow, max-snippet:-1, max-image-preview:large, max-video-preview:-1\" \/>\n<link rel=\"canonical\" href=\"https:\/\/crushlucky.com\/es\/video-chat\/\" \/>\n<meta property=\"og:locale\" content=\"es_ES\" \/>\n<meta property=\"og:type\" content=\"article\" \/>\n<meta property=\"og:title\" content=\"Video Chat\" \/>\n<meta property=\"og:description\" content=\"Video Chat Alternatives\" \/>\n<meta property=\"og:url\" content=\"https:\/\/crushlucky.com\/es\/video-chat\/\" \/>\n<meta property=\"og:site_name\" content=\"Crush Lucky\" \/>\n<meta property=\"article:modified_time\" content=\"2025-06-10T09:01:03+00:00\" \/>\n<meta property=\"og:image\" content=\"https:\/\/crushlucky.com\/wp-content\/uploads\/2023\/09\/cropped-shagle-meet-new-people-chatroulette-1.jpg\" \/>\n\t<meta property=\"og:image:width\" content=\"512\" \/>\n\t<meta property=\"og:image:height\" content=\"512\" \/>\n\t<meta property=\"og:image:type\" content=\"image\/jpeg\" \/>\n<meta name=\"twitter:card\" content=\"summary_large_image\" \/>\n<meta name=\"twitter:label1\" content=\"Tiempo de lectura\" \/>\n\t<meta name=\"twitter:data1\" content=\"2 minutos\" \/>\n<script type=\"application\/ld+json\" class=\"yoast-schema-graph\">{\"@context\":\"https:\/\/schema.org\",\"@graph\":[{\"@type\":\"WebPage\",\"@id\":\"https:\/\/crushlucky.com\/video-chat\/\",\"url\":\"https:\/\/crushlucky.com\/video-chat\/\",\"name\":\"Video Chat - Crush Lucky\",\"isPartOf\":{\"@id\":\"https:\/\/crushlucky.com\/#website\"},\"datePublished\":\"2023-10-15T19:23:06+00:00\",\"dateModified\":\"2025-06-10T09:01:03+00:00\",\"breadcrumb\":{\"@id\":\"https:\/\/crushlucky.com\/video-chat\/#breadcrumb\"},\"inLanguage\":\"es\",\"potentialAction\":[{\"@type\":\"ReadAction\",\"target\":[\"https:\/\/crushlucky.com\/video-chat\/\"]}]},{\"@type\":\"BreadcrumbList\",\"@id\":\"https:\/\/crushlucky.com\/video-chat\/#breadcrumb\",\"itemListElement\":[{\"@type\":\"ListItem\",\"position\":1,\"name\":\"Home\",\"item\":\"https:\/\/crushlucky.com\/\"},{\"@type\":\"ListItem\",\"position\":2,\"name\":\"Video Chat\"}]},{\"@type\":\"WebSite\",\"@id\":\"https:\/\/crushlucky.com\/#website\",\"url\":\"https:\/\/crushlucky.com\/\",\"name\":\"Crush Lucky\",\"description\":\"Live Video Chat with Random Strangers\",\"publisher\":{\"@id\":\"https:\/\/crushlucky.com\/#organization\"},\"potentialAction\":[{\"@type\":\"SearchAction\",\"target\":{\"@type\":\"EntryPoint\",\"urlTemplate\":\"https:\/\/crushlucky.com\/?s={search_term_string}\"},\"query-input\":\"required name=search_term_string\"}],\"inLanguage\":\"es\"},{\"@type\":\"Organization\",\"@id\":\"https:\/\/crushlucky.com\/#organization\",\"name\":\"Crush Lucky\",\"url\":\"https:\/\/crushlucky.com\/\",\"sameAs\":[],\"logo\":{\"@type\":\"ImageObject\",\"inLanguage\":\"es\",\"@id\":\"https:\/\/crushlucky.com\/#\/schema\/logo\/image\/\",\"url\":\"https:\/\/crushlucky.com\/wp-content\/uploads\/2023\/09\/cropped-shagle-meet-new-people-chatroulette-1.jpg\",\"contentUrl\":\"https:\/\/crushlucky.com\/wp-content\/uploads\/2023\/09\/cropped-shagle-meet-new-people-chatroulette-1.jpg\",\"width\":512,\"height\":512,\"caption\":\"Crush Lucky\"},\"image\":{\"@id\":\"https:\/\/crushlucky.com\/#\/schema\/logo\/image\/\"}}]}<\/script>\n<!-- \/ Yoast SEO Premium plugin. -->","yoast_head_json":{"title":"Video Chat - Crush Lucky","robots":{"index":"index","follow":"follow","max-snippet":"max-snippet:-1","max-image-preview":"max-image-preview:large","max-video-preview":"max-video-preview:-1"},"canonical":"https:\/\/crushlucky.com\/es\/video-chat\/","og_locale":"es_ES","og_type":"article","og_title":"Video Chat","og_description":"Video Chat Alternatives","og_url":"https:\/\/crushlucky.com\/es\/video-chat\/","og_site_name":"Crush Lucky","article_modified_time":"2025-06-10T09:01:03+00:00","og_image":[{"width":512,"height":512,"url":"https:\/\/crushlucky.com\/wp-content\/uploads\/2023\/09\/cropped-shagle-meet-new-people-chatroulette-1.jpg","type":"image\/jpeg"}],"twitter_card":"summary_large_image","twitter_misc":{"Tiempo de lectura":"2 minutos"},"schema":{"@context":"https:\/\/schema.org","@graph":[{"@type":"WebPage","@id":"https:\/\/crushlucky.com\/video-chat\/","url":"https:\/\/crushlucky.com\/video-chat\/","name":"Video Chat - Crush Lucky","isPartOf":{"@id":"https:\/\/crushlucky.com\/#website"},"datePublished":"2023-10-15T19:23:06+00:00","dateModified":"2025-06-10T09:01:03+00:00","breadcrumb":{"@id":"https:\/\/crushlucky.com\/video-chat\/#breadcrumb"},"inLanguage":"es","potentialAction":[{"@type":"ReadAction","target":["https:\/\/crushlucky.com\/video-chat\/"]}]},{"@type":"BreadcrumbList","@id":"https:\/\/crushlucky.com\/video-chat\/#breadcrumb","itemListElement":[{"@type":"ListItem","position":1,"name":"Home","item":"https:\/\/crushlucky.com\/"},{"@type":"ListItem","position":2,"name":"Video Chat"}]},{"@type":"WebSite","@id":"https:\/\/crushlucky.com\/#website","url":"https:\/\/crushlucky.com\/","name":"Crush Lucky","description":"Live Video Chat with Random Strangers","publisher":{"@id":"https:\/\/crushlucky.com\/#organization"},"potentialAction":[{"@type":"SearchAction","target":{"@type":"EntryPoint","urlTemplate":"https:\/\/crushlucky.com\/?s={search_term_string}"},"query-input":"required name=search_term_string"}],"inLanguage":"es"},{"@type":"Organization","@id":"https:\/\/crushlucky.com\/#organization","name":"Crush Lucky","url":"https:\/\/crushlucky.com\/","sameAs":[],"logo":{"@type":"ImageObject","inLanguage":"es","@id":"https:\/\/crushlucky.com\/#\/schema\/logo\/image\/","url":"https:\/\/crushlucky.com\/wp-content\/uploads\/2023\/09\/cropped-shagle-meet-new-people-chatroulette-1.jpg","contentUrl":"https:\/\/crushlucky.com\/wp-content\/uploads\/2023\/09\/cropped-shagle-meet-new-people-chatroulette-1.jpg","width":512,"height":512,"caption":"Crush Lucky"},"image":{"@id":"https:\/\/crushlucky.com\/#\/schema\/logo\/image\/"}}]}},"_links":{"self":[{"href":"https:\/\/crushlucky.com\/es\/wp-json\/wp\/v2\/pages\/77","targetHints":{"allow":["GET"]}}],"collection":[{"href":"https:\/\/crushlucky.com\/es\/wp-json\/wp\/v2\/pages"}],"about":[{"href":"https:\/\/crushlucky.com\/es\/wp-json\/wp\/v2\/types\/page"}],"author":[{"embeddable":true,"href":"https:\/\/crushlucky.com\/es\/wp-json\/wp\/v2\/users\/1"}],"replies":[{"embeddable":true,"href":"https:\/\/crushlucky.com\/es\/wp-json\/wp\/v2\/comments?post=77"}],"version-history":[{"count":24,"href":"https:\/\/crushlucky.com\/es\/wp-json\/wp\/v2\/pages\/77\/revisions"}],"predecessor-version":[{"id":884,"href":"https:\/\/crushlucky.com\/es\/wp-json\/wp\/v2\/pages\/77\/revisions\/884"}],"wp:attachment":[{"href":"https:\/\/crushlucky.com\/es\/wp-json\/wp\/v2\/media?parent=77"}],"curies":[{"name":"wp","href":"https:\/\/api.w.org\/{rel}","templated":true}]}}